{"id":6,"date":"2022-07-14T14:27:09","date_gmt":"2022-07-14T14:27:09","guid":{"rendered":"https:\/\/arqueologiaoriente.com\/?page_id=6"},"modified":"2022-07-14T14:27:10","modified_gmt":"2022-07-14T14:27:10","slug":"proyecto-arqueologico-medio-eufrates-sirio","status":"publish","type":"page","link":"https:\/\/arqueologiaoriente.com\/","title":{"rendered":"PROYECTO ARQUEOL\u00d3GICO MEDIO \u00c9UFRATES SIRIO"},"content":{"rendered":"\n<figure class=\"wp-block-image size-full\"><img loading=\"lazy\" width=\"795\" height=\"530\" src=\"https:\/\/arqueologiaoriente.com\/wp-content\/uploads\/2022\/07\/entrada8.jpg\" alt=\"\" class=\"wp-image-10\" srcset=\"https:\/\/arqueologiaoriente.com\/wp-content\/uploads\/2022\/07\/entrada8.jpg 795w, https:\/\/arqueologiaoriente.com\/wp-content\/uploads\/2022\/07\/entrada8-300x200.jpg 300w, https:\/\/arqueologiaoriente.com\/wp-content\/uploads\/2022\/07\/entrada8-768x512.jpg 768w\" sizes=\"(max-width: 795px) 100vw, 795px\" \/><\/figure>\n\n\n\n<p>El pa\u00eds sirio-mesopot\u00e1mico es desde hace algunos a\u00f1os el marco de las investigaciones del \u201cProyecto Arqueol\u00f3gico Medio \u00c9ufrates Sirio\u201d (PAMES), una iniciativa cient\u00edfica sirio-espa\u00f1ola, coordinada por la Facultad de Humanidades de la Universidade da Coru\u00f1a y la Direcci\u00f3n General de las Antig\u00fcedades y Museos de Damasco. En septiembre de 2004, las dos instituciones firmaron un acuerdo para crear una misi\u00f3n arqueol\u00f3gica conjunta. Este proyecto naci\u00f3 para estudiar una regi\u00f3n de Siria casi inexplorada por la arqueolog\u00eda. El sector elegido para desarrollar esta investigaci\u00f3n ha sido una secci\u00f3n del valle del \u00c9ufrates, situada en la provincia de Deir ez-Zor. Este sector est\u00e1 marcado por un accidente geogr\u00e1fico: la garganta de Halabiya o Khanuqa, que en \u00e1rabe significa \u201cestrangulador\u201d o \u201cdesfiladero\u201d. Se trata de un lugar estrat\u00e9gico donde el cauce del r\u00edo est\u00e1 encajado, debido a su naturaleza geol\u00f3gica. Este punto de la geograf\u00eda del \u00c9ufrates era un lugar magn\u00edfico para controlar el tr\u00e1fico fluvial en la Antig\u00fcedad.<\/p>\n\n\n\n<p><br>La garganta bas\u00e1ltica de Khanuqa debi\u00f3 condicionar el devenir hist\u00f3rico de la regi\u00f3n sirio-mesopot\u00e1mica. Debido a su valor geoestrat\u00e9gico, el hombre intent\u00f3, desde los or\u00edgenes de la civilizaci\u00f3n, efectuar un control estricto sobre \u00e9sta. A pesar de su importancia, la arqueolog\u00eda nunca se ha interesado por este lugar hasta la llegada de la misi\u00f3n sirio-espa\u00f1ola, que ha comenzado a desvelar algunos aspectos desconocidos en lo que se refiere a la Edad del Bronce en la regi\u00f3n.<br>Khanuqa constitu\u00eda una frontera natural, un punto de control sobre la circulaci\u00f3n de mercanc\u00edas y poblaciones, as\u00ed como sobre la transmisi\u00f3n de ideas e innovaciones t\u00e9cnicas y culturales. Los grandes imperios mesopot\u00e1micos debieron hacer un uso interesado de este lugar estrat\u00e9gico. Es probable que aqu\u00ed se encuentre, desde el III milenio a.C., la frontera del Norte del reino de Mari. Es posible, adem\u00e1s, que esta regi\u00f3n haya sido el escenario de los conflictos territoriales entre dos grandes potencias pol\u00edticas y militares de finales del II milenio a.C.: el imperio asirio y el reino de los hititas.<\/p>\n\n\n\n<figure class=\"wp-block-image size-full\"><img loading=\"lazy\" width=\"685\" height=\"538\" src=\"https:\/\/arqueologiaoriente.com\/wp-content\/uploads\/2022\/07\/Mapa_Situacion.jpg\" alt=\"\" class=\"wp-image-11\" srcset=\"https:\/\/arqueologiaoriente.com\/wp-content\/uploads\/2022\/07\/Mapa_Situacion.jpg 685w, https:\/\/arqueologiaoriente.com\/wp-content\/uploads\/2022\/07\/Mapa_Situacion-300x236.jpg 300w\" sizes=\"(max-width: 685px) 100vw, 685px\" \/><\/figure>\n\n\n\n<p>Khanuqa: una regi\u00f3n olvidada.<br>Las referencias a esta regi\u00f3n por parte de los especialistas son claras sobre su importancia: \u00ab la r\u00e9gion situ\u00e9e entre le Khanouqa et Deir ez-Zor n\u2019a pas encore fait l\u2019objet de prospections d\u00e9taill\u00e9es \u00bb escribieron Calvet y Geyer (1992). Margueron (1999), piensa que \u00ab des recherches et des prospections seraient les bienvenues dans cette section qui n\u2019a pas encore fait l\u2019objet d\u2019une \u00e9tude approfondie \u00bb, y concluye a continuaci\u00f3n: \u00ab sera-t-on alors conduit \u00e0 accorder plus d\u2019importance qu\u2019on ne le fait actuellement \u00e0 ce tron\u00e7on de l\u2019Euphrate \u00bb. Y la misma opini\u00f3n se encuentra tambi\u00e9n en Geyer y Monchambert (2003). \u00ab Un tron\u00e7on du fleuve et de sa vall\u00e9e \u00bb, han escrito hace unos a\u00f1os, \u00ab reste donc dans l\u2019ensemble inexplor\u00e9e, entre Halabiya et Deir ez-Zor\u00bb.<br>Esta situaci\u00f3n contrasta con la de las regiones circundantes, donde varios equipos llevaron a cabo cuatro prospecciones sistem\u00e1ticas entre los a\u00f1os 70 y 80. Las recordamos de manera sumaria:<\/p>\n\n\n\n<ul><li>1976-1977: regi\u00f3n entre Deir ez-Zor y Meyadin.<\/li><li>1978-1979: regi\u00f3n de Terqa-Tall \u2018Ashara.<\/li><li>1982-1985: regi\u00f3n entre Deir ez-Zor y Abu Kemal.<\/li><li>1983-1984: regi\u00f3n entre Tabqa y Halabiya.<br>Hay a\u00f1adir a \u00e9stas la prospecci\u00f3n de la zona del Yebel Bishri realizada por un equipo finland\u00e9s entre 2003 y 2005, que ha incluido parte del valle del \u00c9ufrates, en particular, un sector de su ribera derecha entre Halabiya y Deir ez-Zor. Y, en 2006, una misi\u00f3n franco-siria ha reanudado la investigaci\u00f3n arqueol\u00f3gica en Zenobia-Halabiya.<\/li><\/ul>\n\n\n\n<div class=\"wp-block-image\"><figure class=\"alignleft size-full\"><img loading=\"lazy\" width=\"489\" height=\"426\" src=\"https:\/\/arqueologiaoriente.com\/wp-content\/uploads\/2022\/07\/presentacion_mapa.jpg\" alt=\"\" class=\"wp-image-12\" srcset=\"https:\/\/arqueologiaoriente.com\/wp-content\/uploads\/2022\/07\/presentacion_mapa.jpg 489w, https:\/\/arqueologiaoriente.com\/wp-content\/uploads\/2022\/07\/presentacion_mapa-300x261.jpg 300w\" sizes=\"(max-width: 489px) 100vw, 489px\" \/><\/figure><\/div>\n\n\n\n<p>El inter\u00e9s hist\u00f3rico de la regi\u00f3n del Medio \u00c9ufrates y la frontera del Norte del reino de Mari.<br>A pesar de la abundante documentaci\u00f3n epigr\u00e1fica descubierta entre las ruinas del palacio de Mari, no se conoce hasta ahora ning\u00fan dato textual expl\u00edcito que nos informe sobre los l\u00edmites territoriales precisos de este antiguo reino.<br>Habida cuenta de la limitaci\u00f3n de las fuentes escritas, pensamos que la arqueolog\u00eda puede arrojar nueva luz sobre la cuesti\u00f3n de la territorialidad de Mari. Dentro de esta problem\u00e1tica, se encuentra la localizaci\u00f3n de la frontera septentrional del reino mariota en la Edad del Bronce, uno de los objetivos de nuestro proyecto arqueol\u00f3gico.<br>El r\u00edo \u00c9ufrates a su paso por Siria est\u00e1 marcado por una serie de gargantas que dan nacimiento a varias secciones bien delimitadas. Se pueden distinguir tres unidades individualizadas:<br>-La primera es la de la \u201cboucle\u201d del \u00c9ufrates, que comprender\u00eda desde su entrada en Siria hasta Tabqa; el \u00c9ufrates recibe en este sector al r\u00edo Sayur.<br>-La segunda unidad se sit\u00faa entre las gargantas de Tabqa y Khanuqa; aqu\u00ed el \u00c9ufrates recibe las aguas del Balikh.<br>-Y la tercera unidad corresponde al curso entre Khanuqa y la garganta de Baghuz, cerca de Abu Kemal; aqu\u00ed desemboca el r\u00edo Khabur. Est\u00e1 claro que el principal centro urbano en este \u00e1mbito, de una longitud de 180 km aproximadamente, es la ciudad de Mari. A partir de Baghuz, el \u00c9ufrates entra en Iraq, donde se transforma en un estrecho valle de escaso valor agr\u00edcola.<br>La fundaci\u00f3n de Mari hacia 2900 a.C. fue el resultado de una decisi\u00f3n bien deliberada, fruto de una pol\u00edtica de reorganizaci\u00f3n regional destinada a convertir al reino de Mari en una base econ\u00f3mica que controlara el eje de los intercambios por v\u00eda fluvial entre la Siria del norte y Mesopotamia. Mari es el fruto de una pol\u00edtica de acondicionamiento del territorio, dise\u00f1ada por un pensamiento que ten\u00eda una clara conciencia de la geograf\u00eda y las fuerzas econ\u00f3micas de su \u00e9poca.<br>\u00bfCu\u00e1les eran las fronteras del reino mariota? \u00bfSe correspond\u00edan, como se podr\u00eda pensar a priori, a la tercera unidad eufr\u00e1tica de 180 km de longitud? \u00bfEs necesario, por lo tanto, buscar la ciudad de Dur-Yahdun-Lim, fortaleza que defend\u00eda el Noroeste del reino en la \u00e9poca amorrea, cerca de la garganta de Khanuqa, y no en la actual Deir ez-Zor o sus proximidades como piensan algunos? \u00bfLas ciudades I y II de Mari ten\u00edan tambi\u00e9n su propia fortaleza del Norte, es decir, su ciudad fronteriza septentrional que controlara el tr\u00e1fico fluvial del \u00c9ufrates y, en particular, la puerta de acceso al reino?<br>\u00c9stas y otras preguntas son la base del presente proyecto de investigaci\u00f3n.<\/p>\n\n\n\n<p>Los primeros trabajos en la garganta de Khanuqa.<br>Los trabajos cient\u00edficos sobre los vestigios arqueol\u00f3gicos del desfiladero de Khanuqa no son muy numerosos. Las primeras referencias bibliogr\u00e1ficas sobre la arqueolog\u00eda de la regi\u00f3n se deben a viajeros europeos de finales del siglo XIX y principios del XX. Podemos citar, entre otros, los trabajos de los alemanes Sachau (1883) y Sarre y Herzfeld (1911), de la inglesa Bell (1910), y la misi\u00f3n de reconocimiento del \u00c9ufrates efectuada en 1922 por el militar franc\u00e9s Charles H\u00e9rault.<br>Entre los trabajos de car\u00e1cter de verdaderamente arqueol\u00f3gico, se encuentran la investigaci\u00f3n, en 1936, de la necr\u00f3polis bizantina de la ciudad de Halabiya por la misi\u00f3n de la Universidad de Yale en Dura Europos. El arquitecto franc\u00e9s Lauffray seguir\u00eda estos trabajos en la antigua Zenobia, durante los a\u00f1os cuarenta. En 1948, el prehistoriador Perv\u00e8s public\u00f3 un estudio sobre la industria paleol\u00edtica y los tumuli situados cerca de la ciudad de Zalabiya. Finalmente, Kohlmeyer (1984) y, m\u00e1s recientemente, Geyer y Monchambert (2003) nos han dejado algunas referencias de inter\u00e9s sobre distintos aspectos arqueol\u00f3gicos de la garganta de Khanuqa.<\/p>\n\n\n\n<p>Objetivos cient\u00edficos del PAMES.<br>Con la finalidad de estudiar la garganta de Khanuqa y su papel como frontera pol\u00edtica en la Antig\u00fcedad precl\u00e1sica y cl\u00e1sica, el \u201cProyecto Arqueol\u00f3gico Medio \u00c9ufrates Sirio\u201d ha puesto en marcha un estudio regional organizado en cuatro ejes de investigaci\u00f3n:<\/p>\n\n\n\n<ul><li>Las primeras culturas protourbanas: la cultura de Uruk.<\/li><li>La frontera del Norte del reino de Mari y la segunda revoluci\u00f3n urbana.<\/li><li>La pol\u00edtica expansionista del imperio Asirio Medio.<\/li><li>La frontera oriental del imperio Bizantino.<\/li><\/ul>\n\n\n\n<p>Los nuevos trabajos de investigaci\u00f3n en Khanuqa.<br>Los trabajos de campo realizados hasta la fecha por el equipo sirio-espa\u00f1ol est\u00e1n poniendo de relieve el gran valor hist\u00f3rico que posee la garganta de Khanuqa. Los trabajos, en la primera fase del proyecto, se han centrado en dos aspectos diferentes:<\/p>\n\n\n\n<ul><li>El primero ten\u00eda por objetivo la investigaci\u00f3n y la localizaci\u00f3n de yacimientos arqueol\u00f3gicos de \u00e9poca precl\u00e1sica. El resultado obtenido en la prospecci\u00f3n ha permitido identificar varios yacimientos datados entre el IV y el II milenio a.C.<\/li><li>El segundo objetivo se ha centrado en la ciudad bizantina de Tall as-Sin, en particular sobre el modo de vida y las costumbres funerarias de este enclave de los siglos VI y VII d.C. situado en la frontera entre los imperios romano y persa.<br>En la segunda fase de la investigaci\u00f3n, actualmente en curso, el proyecto concentra sus esfuerzos en la excavaci\u00f3n de dos yacimientos: Tall Qabr Abu al-\u2018Atiq y Tall Humeida, en la entrada de la garganta de Khanuqa. El estudio del primer yacimiento est\u00e1 contribuyendo, por un lado, a definir la vida urbana en los l\u00edmites territoriales del Norte del reino de Mari durante el III milenio a.C. y, por otro, a conocer el proceso de expansi\u00f3n del imperio asirio durante el siglo XIII a.C. El segundo yacimiento es un lugar clave para estudiar las culturas de Obeid y de Uruk (V y IV milenios a.C.).<\/li><\/ul>\n\n\n\n<p><\/p>\n","protected":false},"excerpt":{"rendered":"<p>El pa\u00eds sirio-mesopot\u00e1mico es desde hace algunos a\u00f1os el marco de las investigaciones del \u201cProyecto Arqueol\u00f3gico Medio \u00c9ufrates Sirio\u201d (PAMES), una iniciativa cient\u00edfica sirio-espa\u00f1ola, coordinada por la Facultad de Humanidades de la Universidade da Coru\u00f1a y la Direcci\u00f3n General de las Antig\u00fcedades y Museos de Damasco. En septiembre de 2004, las dos instituciones firmaron un [&hellip;]<\/p>\n","protected":false},"author":1,"featured_media":0,"parent":0,"menu_order":0,"comment_status":"closed","ping_status":"closed","template":"","meta":[],"_links":{"self":[{"href":"https:\/\/arqueologiaoriente.com\/index.php?rest_route=\/wp\/v2\/pages\/6"}],"collection":[{"href":"https:\/\/arqueologiaoriente.com\/index.php?rest_route=\/wp\/v2\/pages"}],"about":[{"href":"https:\/\/arqueologiaoriente.com\/index.php?rest_route=\/wp\/v2\/types\/page"}],"author":[{"embeddable":true,"href":"https:\/\/arqueologiaoriente.com\/index.php?rest_route=\/wp\/v2\/users\/1"}],"replies":[{"embeddable":true,"href":"https:\/\/arqueologiaoriente.com\/index.php?rest_route=%2Fwp%2Fv2%2Fcomments&post=6"}],"version-history":[{"count":1,"href":"https:\/\/arqueologiaoriente.com\/index.php?rest_route=\/wp\/v2\/pages\/6\/revisions"}],"predecessor-version":[{"id":13,"href":"https:\/\/arqueologiaoriente.com\/index.php?rest_route=\/wp\/v2\/pages\/6\/revisions\/13"}],"wp:attachment":[{"href":"https:\/\/arqueologiaoriente.com\/index.php?rest_route=%2Fwp%2Fv2%2Fmedia&parent=6"}],"curies":[{"name":"wp","href":"https:\/\/api.w.org\/{rel}","templated":true}]}}