{"id":7,"date":"2022-07-14T14:27:43","date_gmt":"2022-07-14T14:27:43","guid":{"rendered":"https:\/\/arqueologiaoriente.com\/?page_id=7"},"modified":"2022-07-14T14:27:44","modified_gmt":"2022-07-14T14:27:44","slug":"campana","status":"publish","type":"page","link":"https:\/\/arqueologiaoriente.com\/?page_id=7","title":{"rendered":"CAMPA\u00d1A"},"content":{"rendered":"\n<p>Tall Humeida: el yacimiento arqueol\u00f3gico<br>Humeida es un tell situado en la ribera izquierda del \u00c9ufrates, a 75 km al norte de Deir ez-Zor y cerca del l\u00edmite administrativo con la provincia o mohafazat de Raqqa. El yacimiento toma su nombre de una planta t\u00edpica de la zona llamada Hummed en \u00e1rabe. Del mismo modo, el lugar es conocido por los campesinos de la regi\u00f3n bajo el nombre de Tall Fuhhar (\u00abcolina de la cer\u00e1mica\u00bb), debido a la gran cantidad de fragmentos de cer\u00e1mica que hay a\u00fan sobre la superficie. El acceso est\u00e1 garantizado a trav\u00e9s de la carretera que comunica los pueblos de Jazeret Abu Humeida y Matab, y que pasa al norte del yacimiento.<br>Las dimensiones actuales del tell son de 400 m de oeste a este y de 180\/140 de norte a sur, es decir, ocupa una superficie de m\u00e1s de 6 hect\u00e1reas. Est\u00e1 formado por dos partes bien diferenciadas: una colina principal de forma m\u00e1s o menos circular (de 140 m de di\u00e1metro), que tiene una altitud relativa de 11 m, y una zona o \u00abciudad baja\u00bb, que se extiende 260 m hacia el este. La colina ha sido utilizada en gran parte como un cementerio de rito isl\u00e1mico, creado en 1954 y en uso hasta 2007. En el sector septentrional de la colina, tres casas de adobe han sido construidas sobre el yacimiento.<br>La pendiente occidental del tell ha estado expuesta a una fuerte erosi\u00f3n, quiz\u00e1 debida a la proximidad del \u00c9ufrates, que ha dado origen a una gran pared vertical de m\u00e1s 3 m de altura y 17.30 m de longitud. Esta pared ha sacado a la luz distintos niveles arqueol\u00f3gicos. Un camino de tierra y la carretera Matab \/ Raqqa contornean la pr\u00e1ctica totalidad de la colina de Humeida. Por \u00faltimo, la parte baja del tell est\u00e1 atravesada por un canal de riego, y ocupada tambi\u00e9n en su sector m\u00e1s oriental por tierras agr\u00edcolas y cuatro casas.<\/p>\n\n\n\n<p>Topograf\u00eda.<br>Para conocer en detalle la morfolog\u00eda del tell se realiz\u00f3 una toma de datos con una estaci\u00f3n total para elaborar un plano minucioso de la colina principal. A partir de este plano topogr\u00e1fico, se estableci\u00f3 un sistema de cuadr\u00edculas (de 10 m de lado) para organizar los trabajos de excavaci\u00f3n.<\/p>\n\n\n\n<p>Los per\u00edodos de Uruk y Obeid.<br>En la parte occidental de la colina principal se realiz\u00f3 un sondeo de 5 por 5 m (cuadr\u00edcula denominada J-13). El sondeo est\u00e1 situado en una fuerte pendiente, consecuencia de la intensa erosi\u00f3n que sufri\u00f3 esta parte del tell. La excavaci\u00f3n permiti\u00f3 certificar la existencia de tres grandes fases de ocupaci\u00f3n en este sector del tell: Obeid, Uruk Medio\/Reciente y Bizantino.<br>Del per\u00edodo llamado Uruk o Calcol\u00edtico Reciente, se han podido definir de manera provisional tres fases, a saber:<br>A la m\u00e1s reciente pertenece un fragmento de un muro que conserva tres hiladas de adobe de un formato peque\u00f1o (22 x 11 x 9 cm). Se trata de un tipo de ladrillo t\u00edpico del per\u00edodo de Uruk, que se conoce bajo el nombre alem\u00e1n de \u00abriemchen\u00bb (UC.105). Este muro ha sido destruido en parte por la construcci\u00f3n de la muralla bizantina.<br>La segunda fase est\u00e1 representada por la UE.1006. Esta unidad se caracteriza por la presencia de carb\u00f3n vegetal, cenizas, osamentas de animales y abundante cer\u00e1mica. Es necesario destacar la presencia masiva de cuencos con borde biselado (fragmentos y vasos completos). Estas caracter\u00edsticas hacen pensar que se trata de un sector utilizado como basurero o vertedero en el per\u00edodo Uruk.<br>Este nivel tiene una fuerte pendiente hacia el oeste, una zona donde se pudo definir un grosor de alrededor de dos metros.<br>Bajo esta capa de residuos se document\u00f3 un fragmento de muro de adobe muy deteriorado y que conserva cuatro hiladas (UC.106). Este muro pertenece obviamente a una fase constructiva m\u00e1s antigua del per\u00edodo de Uruk.<\/p>\n\n\n\n<p>El hallazgo de tres fragmentos de hoz de cer\u00e1mica muestra tambi\u00e9n la existencia de una ocupaci\u00f3n del lugar en el per\u00edodo de Obeid, en el V milenio a.C., de naturaleza a definir en la pr\u00f3xima campa\u00f1a.<\/p>\n\n\n\n<p>El per\u00edodo Bizantino.<br>La ocupaci\u00f3n de \u00e9poca bizantina en Tall Humeida ha sido atestiguada tanto en la ciudad baja como en la colina principal. El objetivo de esta campa\u00f1a ha sido el de determinar la naturaleza de la presencia bizantina, conocida por los vestigios encontrados (fragmentos de cer\u00e1mica y de elementos arquitect\u00f3nicos) por la misi\u00f3n sirio-espa\u00f1ola en la prospecci\u00f3n realizada en 2007.<br>En esta campa\u00f1a se ha excavado una cuadr\u00edcula de 10 x 10 m (llamada AB-31) situada en la ciudad baja. Los trabajos realizados en este sector han permitido identificar con seguridad tres salas (dos completas), aparte de una hipot\u00e9tica y de un espacio abierto al exterior pertenecientes a un edificio termal o balnearium, que tiene evidentes paralelos con los ba\u00f1os bizantinos excavados en Tall Kasra, aguas abajo de Tall Humeida. Los vestigios arquitect\u00f3nicos identificados presentan indicios de reformas, que sugieren tres fases constructivas:<br>En el l\u00edmite occidental de la colina principal del yacimiento (cuadr\u00edcula J-13) se identific\u00f3 la muralla de la ciudad del per\u00edodo bizantino. Se trata de una construcci\u00f3n que tiene cimientos de piedras de basalto y caliza (dos hiladas) sobre los que se construy\u00f3 un muro de adobes crudos (UC.103) de formato cuadrangular (46 x 46 cm). Este muro de adobe ha conservado una anchura de 2.50 m, mientras que su base de piedra sobrepasa ligeramente los 3 m.<br>Junto a la cara interior de la muralla se identificaron otros dos muros de adobe (UC. 101 y 102) del mismo formato, que delimitan un espacio de funci\u00f3n desconocida, por el momento, aunque est\u00e1n vinculados claramente al sistema de defensa de la ciudad bizantina. Restos de este recinto defensivo tambi\u00e9n son visibles en superficie a 36 m al norte de la muralla identificada en el sondeo J-13.<\/p>\n\n\n\n<p>Balance.<br>Los resultados de la prospecci\u00f3n realizada por nuestro equipo entre 2005 y 2009 pusieron de manifiesto que la regi\u00f3n de Hanuqa fue controlada por el hombre en distintas fases hist\u00f3ricas desde el final del V milenio a.C. Las fases arqueol\u00f3gicas definidas por la prospecci\u00f3n son: per\u00edodo Obeid, per\u00edodo Calcol\u00edtico (Uruk Medio y Reciente), Dinast\u00edas Arcaicas II-III, per\u00edodo Shakkanaku (III dinast\u00eda de Ur), dinast\u00eda Lim (per\u00edodo Paleobabil\u00f3nico), per\u00edodo Medioasirio, per\u00edodos Bizantino e Isl\u00e1mico; en resumen cinco milenios aproximadamente de historia.<br>En la regi\u00f3n natural situada entre Hanuqa y Baghuz hay siete yacimientos a datar, en principio, en el per\u00edodo Uruk Reciente. Pero, en nuestra opini\u00f3n, solos tres de ellos pueden catalogarse como establecimientos \u00aburukeos aut\u00e9nticos\u00bb. Se trata, del sur al norte, Ramadi, Graiye \/ Qraya y de Humeida.<br>Actualmente, hay solamente cuatro yacimientos de la cultura de Uruk que est\u00e1n en curso de excavaci\u00f3n en Oriente Pr\u00f3ximo: Tall Hamukar, Tall Feres as-Sharqi y Tall Brak, los tres situados en el valle del Habur y, finalmente, Arslantepe, en Turqu\u00eda. En este contexto, la excavaci\u00f3n en Tell Humeida, en el Medio \u00c9ufrates sirio, por un equipo sirio-espa\u00f1ol, abre expectativas muy interesantes para el estudio de la cultura protourbana de Uruk de mediados del IV milenio a.C.<br>Por otro lado, el valle medio del \u00c9ufrates tuvo un papel importante en el sistema de defensa del limes oriental del imperio romano. Era una frontera fuertemente fortificada, cuyo objetivo era impedir las incursiones de los partos y de los persas sas\u00e1nidas. El emperador Diocleciano dedic\u00f3 grandes esfuerzos a la construcci\u00f3n de una serie de castella a lo largo del limes. Estos lugares fortificados fueron reconstruidos por Justiniano para hacer frente a los ataques de los persas.<br>El historiador Procopio (de Aedificiis II, 1) nos informa sobre esta pol\u00edtica de fortificaciones desarrollada por el emperador Justiniano. Tenemos tambi\u00e9n constancia por la arqueolog\u00eda de un conjunto de enclaves de defensa bizantinos en el valle del Medio \u00c9ufrates. Se trata de los lugares de Callinicum, Zenobia, Zalabiya, Tabus, Kasra, Tall as-Sin y Circesium (Buseira). A este sistema de plazas fuertes bizantinas se puede a\u00f1adir Tall Humeida, que ser\u00eda la fortificaci\u00f3n bizantina situada m\u00e1s al norte del limes oriental.<br>La muralla identificada esta campa\u00f1a en Humeida tiene claras semejanzas con la excavada por la misi\u00f3n sirio-espa\u00f1ola en Tall as-Sin, 10 km al sur de Deir ez-Zor. Estas comparaciones nos hacen pensar en una dataci\u00f3n entre los siglos VI y VII d.C.<\/p>\n","protected":false},"excerpt":{"rendered":"<p>Tall Humeida: el yacimiento arqueol\u00f3gicoHumeida es un tell situado en la ribera izquierda del \u00c9ufrates, a 75 km al norte de Deir ez-Zor y cerca del l\u00edmite administrativo con la provincia o mohafazat de Raqqa. El yacimiento toma su nombre de una planta t\u00edpica de la zona llamada Hummed en \u00e1rabe. Del mismo modo, el [&hellip;]<\/p>\n","protected":false},"author":1,"featured_media":0,"parent":0,"menu_order":0,"comment_status":"closed","ping_status":"closed","template":"","meta":[],"_links":{"self":[{"href":"https:\/\/arqueologiaoriente.com\/index.php?rest_route=\/wp\/v2\/pages\/7"}],"collection":[{"href":"https:\/\/arqueologiaoriente.com\/index.php?rest_route=\/wp\/v2\/pages"}],"about":[{"href":"https:\/\/arqueologiaoriente.com\/index.php?rest_route=\/wp\/v2\/types\/page"}],"author":[{"embeddable":true,"href":"https:\/\/arqueologiaoriente.com\/index.php?rest_route=\/wp\/v2\/users\/1"}],"replies":[{"embeddable":true,"href":"https:\/\/arqueologiaoriente.com\/index.php?rest_route=%2Fwp%2Fv2%2Fcomments&post=7"}],"version-history":[{"count":1,"href":"https:\/\/arqueologiaoriente.com\/index.php?rest_route=\/wp\/v2\/pages\/7\/revisions"}],"predecessor-version":[{"id":14,"href":"https:\/\/arqueologiaoriente.com\/index.php?rest_route=\/wp\/v2\/pages\/7\/revisions\/14"}],"wp:attachment":[{"href":"https:\/\/arqueologiaoriente.com\/index.php?rest_route=%2Fwp%2Fv2%2Fmedia&parent=7"}],"curies":[{"name":"wp","href":"https:\/\/api.w.org\/{rel}","templated":true}]}}