{"id":8,"date":"2022-07-14T14:28:00","date_gmt":"2022-07-14T14:28:00","guid":{"rendered":"https:\/\/arqueologiaoriente.com\/?page_id=8"},"modified":"2022-07-14T14:28:01","modified_gmt":"2022-07-14T14:28:01","slug":"publicaciones","status":"publish","type":"page","link":"https:\/\/arqueologiaoriente.com\/?page_id=8","title":{"rendered":"PUBLICACIONES"},"content":{"rendered":"\n<p>2005<br>Montero Fenoll\u00f3s, J.L. &#8211; Chebibe, Ch. &#8211; M\u00e1rquez, I. &#8211; Caramelo, F. &#8211; Vidal, J., \u201cProspection arch\u00e9ologique de la vall\u00e9e du Moyen Euphrate syrien: Les premiers travaux au verrou de Halabiy\u00e9\u201d, Orient-Express, 2005\/2, pp. 69-71.<\/p>\n\n\n\n<p>2006<br>Montero Fenoll\u00f3s, J.L.- Chebibe, C., \u201cLa mission arch\u00e9ologique syro-espagnole au Moyen Euphrate. Premi\u00e8re campagne \u00e0 Tell as-Sin (Deir er-Zor, Syrie)\u201d, Orient-Express, 2006\/1, pp. 3-5.<\/p>\n\n\n\n<p>Montero Fenoll\u00f3s, J.L.- Chebibe, Ch.- al-Ali, M.,\u201cInvestigaciones sirio-espa\u00f1olas en el valle del Medio \u00c9ufrates. Primeros datos sobre la necr\u00f3polis bizantina de Tall as-Sin (Siria)\u201d, Antig\u00fcedad y Cristianismo XXIII, pp. 409-426.<\/p>\n\n\n\n<p>Montero Fenoll\u00f3s, J.L., \u201cCiudades fortificadas en el valle del Medio \u00c9ufrates. Primeras investigaciones sirio-espa\u00f1olas en el asentamiento bizantino de Tall as-Sin (Siria)\u201d, Erythteia 27, pp. 17-41.<\/p>\n\n\n\n<p>Montero Fenoll\u00f3s, J.L. &#8211; Mas\u00f3, F., \u201cNuevo proyecto arqueol\u00f3gico espa\u00f1ol en Siria\u201d, Siria Magazine 2, pp. 62-63.<\/p>\n\n\n\n<p>Montero Fenoll\u00f3s, J.L.- Caramelo, F. &#8211; M\u00e1rquez Rowe, I.- Vidal, J., \u201cO projecto arqueol\u00f3gico \u00abM\u00e9dio Euphrate S\u00edrio\u00bb: resultados provis\u00f3rios da primeira campanha\u201d, Revista Portuguesa de Arqueolog\u00eda 9, pp. 109-126.<\/p>\n\n\n\n<p>Montero Fenoll\u00f3s, J.L., \u201cA expedici\u00f3n arqueol\u00f3xica da Universidade da Coru\u00f1a no Pr\u00f3ximo Oriente\u201d, Atenea 24, pp. 28-31.<\/p>\n\n\n\n<p>Montero Fenoll\u00f3s, J.L., Recensions. \u201cGeyer, B.- Monchambert, J. Y. (dir.) avec Besan\u00e7on, J. et Coqueugniot, \u00c9. 2003. La basse vall\u00e9e de l\u00b4Euphrate syrien du N\u00e9olithique \u00e0 l\u00b4av\u00e8nement de l\u00b4Islam: g\u00e9ographie, arch\u00e9ologie et histoire, Beyrouth: Institut Fran\u00e7ais du Proche-Orient (Mission Arch\u00e9ologique de Mari VI\/BAH 166). 2 volumes\u201d, Pal\u00e9orient 32, pp. 195-197.<\/p>\n\n\n\n<p>2007<br>Montero Fenoll\u00f3s, J.L., \u201cEl Proyecto Arqueol\u00f3gico Medio \u00c9ufrates Sirio. Una iniciativa para el estudio de las civilizaciones del Oriente antiguo\u201d, en De culturas, lenguas y tradiciones, II Simposio de Estudios Human\u00edsticos, A Coru\u00f1a, pp. 39-53.<\/p>\n\n\n\n<p>Montero Fenoll\u00f3s, J.L., \u201cTall Humeida. Las primeras sociedades complejas.\u201d, Investigaci\u00f3n y Ciencia, 372, pp. 31-32<\/p>\n\n\n\n<p>Montero Fenoll\u00f3s, J.L. ,\u00bbAspectos territoriales del reino sirio-mesopot\u00e1mico de Mari\u00bb, en Justel, J.J. et al. eds. Actas del IV Congreso Espa\u00f1ol de Antiguo Oriente Pr\u00f3ximo, Zaragoza, pp. 311-326.<\/p>\n\n\n\n<p>2008<br>Montero Fenoll\u00f3s, J.L.- M\u00e1rquez Rowe, I.- Caramelo, F., \u201cLe projet arch\u00e9ologique \u00abMoyen Euphrate Syrien\u00bb: Travaux r\u00e9cents sur la fronti\u00e8re septentrionale du royaume de Mari\u201d, Studia Orontica II, pp. 83-98.<\/p>\n\n\n\n<p>Montero Fenoll\u00f3s, J.L., \u201cEl Proyecto Arqueol\u00f3gico Medio \u00c9ufrates Sirio: investigaciones sirio-espa\u00f1olas en la garganta de Halabiya y Tall as-Sin (Deir er-Zor, campa\u00f1a 2007)\u201d, Excavaciones en el exterior 2007, Ministerio de Cultura, Madrid, pp. 149-156.<\/p>\n\n\n\n<p>Montero Fenoll\u00f3s, J.L.- al-Shbib, S. eds., La necr\u00f3polis bizantina de Tall as-Sin (Deir ez-Zor, Siria), Memorias del Proyecto Arqueol\u00f3gico Medio \u00c9ufrates Sirio I, CSIC, Madrid.<\/p>\n\n\n\n<p>Sanjurjo S\u00e1nchez, J.- Fern\u00e1ndez Mosquera, D. &#8211; Montero Fenoll\u00f3s, J.L., \u201cTL and OSL dating of Sediment and Pottery from two Syrian Archaeological Sites\u201d, Geochronometria 31, pp. 21-29.<\/p>\n\n\n\n<p>2009<br>al-Shbib, Sh., \u201cTall as-Sin. Les r\u00e9sultas des travaux de la mission syro-espagnole 2005-2007\u201d, Estudos Orientais 10, pp.169-186<\/p>\n\n\n\n<p>Caramelo, F., \u201cLes deux grands canaux de la rive gauche du Moyen Euphrate\u201d, Estudos Orientais 10, pp.147-168<br>M\u00e1rquez Rowe, I. \u00ab Pain, bi\u00e8re et la culture d\u2019Uruk. De Gilgamesh au bol \u00e0 bord biseaut\u00e9 \u00bb, Aula Orientalis-Supplementa 25, pp. 133-146.<\/p>\n\n\n\n<p>Montero Fenoll\u00f3s, J.L., \u00ab Nouvelles recherches arch\u00e9ologiques dans la r\u00e9gion du verrou basaltique de Halabiy\u00e9 (Moyen Euphrate syrien) \u00bb, Estudos Orientais 10, pp.123-146<\/p>\n\n\n\n<p>Montero Fenoll\u00f3s, J. L. &#8211; al-Shbib &#8211; M\u00e1rquez Rowe, I. &#8211; Caramelo, F., \u201cIV campa\u00f1a del Proyecto Arqueol\u00f3gico Medio \u00c9ufrates Sirio. Sondeos en Tall Qabr Abu al-\u2018Atiq: de los or\u00edgenes de la ciudad al per\u00edodo Asirio Medio\u201d, Excavaciones en el exterior 2008, Ministerio de Cultura, Madrid, pp.191-199<\/p>\n\n\n\n<p>Vidal, J. \u201cTravellers and Explorers in the Region of Halabiya\u201d, Estudos Orientais 10, pp.117-121<\/p>\n\n\n\n<p>Vidal, J.- Montero Fenoll\u00f3s, J.L. \u201cThe Fortifications System in Tell Abu Fahd (Syrian Euphrates Valley)\u201d, Aula Orientalis-Supplementa 25, pp.203-212<\/p>\n\n\n\n<p>2010<br>Montero Fenoll\u00f3s, J.L. \u00abLe Projet Arch\u00e9ologique Moyen Euphrate Syrien. Esquisse sur quatre ans de travaux de recherche (2005-2008)\u00bb, Res Antiquitatis 1, pp.233-241.<\/p>\n\n\n\n<p>Montero Fenoll\u00f3s, J.L. &#8211; Shbib, Sh. \u2013 M\u00e1rquez Rowe, I. \u2013 Caramelo, F., \u00ab Tell Qubr Abu al-&#8216;Atiq: From an Early Dynastic City to a Middle Assyrian Fort. 5th Season Report of the Proyecto Arqueol\u00f3gico Medio \u00c9ufrates Sirio (2009) \u00bb, Aula Orientalis 28, pp. 73-84.<\/p>\n\n\n\n<p>Montero Fenoll\u00f3s, J.L. \u2013 Al-Shbib, Sh. \u2013 M\u00e1rquez, I. \u2013 Caramelo, F. \u00ab4th Season of the Archaeological Middle-Euphrates Project in Syria. Excavations in Tell Qubr Abu al-&#8216;Atiq: from Early City to the Middle Assyrian Settlement\u00bb, en Chronique Arch\u00e9ologique en Syrie 4. Excavations Reports of 2008, Damasco, pp.181-186.<\/p>\n\n\n\n<p>2011<br>Montero Fenoll\u00f3s, J.L. \u2013 M\u00e1rquez Rowe, I. \u2013 Caramelo, F., \u00abV campa\u00f1a del proyecto arqueol\u00f3gico Medio \u00c9ufrates sirio. Investigaciones en Tall Qabr Abu al-&#8216;Atiq y Tall Ma&#8217;adan\u00bb, Excavaciones en el exterior 2009, Ministerio de Cultura, Madrid, pp. 268-277.<\/p>\n\n\n\n<p>Montero Fenoll\u00f3s, J.L., \u00abNuevos datos arqueol\u00f3gicos sobre la expansi\u00f3n occidental de Asiria en el siglo XIII a.C.\u00bb, en Belmonte, J.A. y Oliva, J. coord. Esta Toledo, aquella Babilonia, Cuenca, 2011, pp. 111-128.<\/p>\n\n\n\n<p>Montero Fenoll\u00f3s, J.L., \u00abLe site uruk\u00e9en de Tell Humeida au Moyen Euphrate syrien. Premi\u00e8res recherches arch\u00e9ologiques\u00bb, Res Antiquitatis 2, pp. 207-218.<\/p>\n\n\n\n<p>Montero Fenoll\u00f3s, J.L., Caramelo, F. y M\u00e1rquez Rowe, I. \u00abLe site de Tell Qabr Abu al-&#8216;Atiq, le royaume de Mari, l&#8217;Assyrie et le verrou de Khanuqa. Projet Arch\u00e9ologique Moyen Euphrate Syrien (2008-2010)\u00bb, Res Antiquitatis 2, pp. 219-230.<\/p>\n\n\n\n<p>Montero Fenoll\u00f3s, J.L., M\u00e1rquez Rowe, I., Caramelo, F. y al-Abdallah, Y. \u00abTell Qubr Abu al-&#8216;Atiq: A Middle Assyrian Fort in the Gorge of Khanuqa. 6th Season Report of the Proyecto Arqueol\u00f3gico Medio \u00c9ufrates Sirio (2010)\u00bb, Aula Orientalis 29, 2011, pp. 273-284.<\/p>\n\n\n\n<p>Montero Fenoll\u00f3s, J.L. con la colaboraci\u00f3n de Caramelo, F. y Mas\u00f3, F., De Uruk a Bizancio. Arqueolog\u00eda e Historia Antigua en la cuna de la civilizaci\u00f3n, Ferrol.<\/p>\n\n\n\n<p>Caramelo, F.\u00bbTerrit\u00f3rio, fronteira e expan\u00e7\u00e3o no per\u00edodo meso-ass\u00edrio. A presen\u00e7a ass\u00edria no Eufrates M\u00e9dio\u00bb, Cadmo 21, pp. 33-50.<\/p>\n\n\n\n<p>2012<br>Caramelo, F. \u00abL&#8217;expansion m\u00e9dio-assyrienne au Moyen Euphrate syrien: le contexte international, l&#8217;affirmation de l&#8217;Assyrie et la probl\u00e9matique de la fronti\u00e8re\u00bb, Bibliotheca Euphratica 1, pp.133-142.<\/p>\n\n\n\n<p>Montero Fenoll\u00f3s, J.L. \u2013 Caramelo, F. \u2013 M\u00e1rquez Rowe, I. \u2013 al-Abdallah, Y. \u00abExcavaciones en Tall Humeida (Siria). De la colonizaci\u00f3n de Uruk al Imperio Bizantino\u00bb, en Informes y Trabajos 7. Excavaciones en el Exterior 2010, Madrid, 2012, pp. 309-315.<\/p>\n\n\n\n<p>Montero Fenoll\u00f3s, J.L. \u00abTerritorialidad, fronteras y fortificaciones en la Cuenca sirio-mesopot\u00e1mica\u00bb, en Fortificaciones y guerra de asedio en el Mundo Antiguo, Zaragoza, 2012, pp. 1-20.<\/p>\n\n\n\n<p>Montero Fenoll\u00f3s, J.L. \u2013 Caramelo, F. \u00abNew data on the Middle Assyrian Expansion in the Valley of the Euphrates\u00bb, en The Perfumes of Seven Tamarisks. Studies on Honor of W. Watson, Alter Orient und Altes Testament 394, M\u00fcnster, 2012, pp. 51-62.<\/p>\n\n\n\n<p>Montero Fenollos, J.L. \u00abLe Moyen Euphrate avant Mari. L&#8217;expansion uruk\u00e9enne entre les verrous de Khanuqa et Baghuz\u00bb, Bibliotheca Euphratica 1, pp. 177-194.<\/p>\n\n\n\n<p>Montero Fenoll\u00f3s, J.L. \u00abLa expansi\u00f3n de la cultura de Uruk en el Medio \u00c9ufrates Sirio. Reflexiones sobre un modelo colonial arcaico\u00bb, en Ad Orientem. Estudios en homenaje al profesor Juan Antonio Fern\u00e1ndez-Tresguerres, Oviedo, 2012, pp. 447-461.<\/p>\n\n\n\n<p>Montero Fenoll\u00f3s, J.L. \u00abArque\u00f3logos de la Universidade da Coru\u00f1a en la cuna de la civilizaci\u00f3n\u00bb, en C\u00e1tedra Jorge Juan. Curso 2010-2011, A Coru\u00f1a, 2012, pp. 47-65.<\/p>\n\n\n\n<p>Sanjurjo, J. \u2013 Montero Fenoll\u00f3s, J.L. \u00abRestudying the Beveled Rim Bowls: new preliminary data from two Uruk sites in the Syrian Middle Euphrates\u00bb, Res Antiquitatis 3, pp. 261-275.<\/p>\n\n\n\n<p>Sanjurjo S\u00e1nchez, J. y Montero Fenoll\u00f3s, J.L., \u00abChronology during the Bronze Age in the archaeological site Tell Qubr Abu al-&#8216;Atiq, Syria\u00bb, Journal of Archaeological Science 39, pp. 163-174.<\/p>\n\n\n\n<p>Tenu, A.- Montero Fenoll\u00f3s, J.L. \u2013 Caramelo, F. \u00abL&#8217;Empire assyrien au XIIIe si\u00e8cle av. J.-C.: Tell Qabr Abu al-&#8216;Atiq sur le moyen Euphrate\u00bb, Bibliotheca Euphratica 1, pp. 143-162.<\/p>\n\n\n\n<p>2013<br>Montero Fenoll\u00f3s, J.L. \u00abDe la expansi\u00f3n colonial de Uruk a la frontera oriental del imperio romano\u00bb, en Informes y Trabajos. Excavaciones en el exterior 2011, Madrid, pp. 652-670.<\/p>\n\n\n\n<p>2014<br>Sanjurjo S\u00e1nchez, J. Y Montero Fenoll\u00f3s, J.L. \u201cA Late-Bronze Age site and fluvial environmental context in the Middle Euphrates Valley (Northeast Syria)\u201d, The Holocene 24, pp. 743- 748.<\/p>\n\n\n\n<p>Montero Fenoll\u00f3s, J.L. \u201dDe Uruk a Mari. Innovaciones tecnol\u00f3gicas de la Primera Revoluci\u00f3n Urbana en el Medio \u00c9ufrates meridional\u201d, Anejos de Nailos 1, pp. 139-155.<\/p>\n\n\n\n<p>Novo, A., Solla, M., Montero Fenoll\u00f3s, J.L., y Lorenzo, H. \u201cSearching for the remains of an Early Bronze Age city at Tell Qubr Abu al-\u2019Atiq (Syria) through archaeological investigations and GPR imaging\u201d, Journal of Cultural Heritage 15, pp. 575-579.<\/p>\n\n\n\n<p>Montero Fenoll\u00f3s, J.L. \u201cMari et le verrou de Khanuqa: fronti\u00e8re politique et territoire aux IIIe et IIe mill\u00e9naires av. J.-C.\u201d Syria Suppl\u00e9ment 2, pp. 231-245.<\/p>\n\n\n\n<p>2015<br>Juan-Luis Montero Fenoll\u00f3s (con la colaboraci\u00f3n de Francisco Caramelo, Ignacio M\u00e1rquez Rowe y Jorge Sanjurjo S\u00e1nchez).<\/p>\n\n\n\n<p>ASIRIOS EN EL MEDIO \u00c9UFRATES. La cer\u00e1mica medioasiria de Tell Qabr Abu al-\u2018Atiq en su contexto hist\u00f3rico-arqueol\u00f3gico.<\/p>\n","protected":false},"excerpt":{"rendered":"<p>2005Montero Fenoll\u00f3s, J.L. &#8211; Chebibe, Ch. &#8211; M\u00e1rquez, I. &#8211; Caramelo, F. &#8211; Vidal, J., \u201cProspection arch\u00e9ologique de la vall\u00e9e du Moyen Euphrate syrien: Les premiers travaux au verrou de Halabiy\u00e9\u201d, Orient-Express, 2005\/2, pp. 69-71. 2006Montero Fenoll\u00f3s, J.L.- Chebibe, C., \u201cLa mission arch\u00e9ologique syro-espagnole au Moyen Euphrate. Premi\u00e8re campagne \u00e0 Tell as-Sin (Deir er-Zor, Syrie)\u201d, [&hellip;]<\/p>\n","protected":false},"author":1,"featured_media":0,"parent":0,"menu_order":0,"comment_status":"closed","ping_status":"closed","template":"","meta":[],"_links":{"self":[{"href":"https:\/\/arqueologiaoriente.com\/index.php?rest_route=\/wp\/v2\/pages\/8"}],"collection":[{"href":"https:\/\/arqueologiaoriente.com\/index.php?rest_route=\/wp\/v2\/pages"}],"about":[{"href":"https:\/\/arqueologiaoriente.com\/index.php?rest_route=\/wp\/v2\/types\/page"}],"author":[{"embeddable":true,"href":"https:\/\/arqueologiaoriente.com\/index.php?rest_route=\/wp\/v2\/users\/1"}],"replies":[{"embeddable":true,"href":"https:\/\/arqueologiaoriente.com\/index.php?rest_route=%2Fwp%2Fv2%2Fcomments&post=8"}],"version-history":[{"count":1,"href":"https:\/\/arqueologiaoriente.com\/index.php?rest_route=\/wp\/v2\/pages\/8\/revisions"}],"predecessor-version":[{"id":15,"href":"https:\/\/arqueologiaoriente.com\/index.php?rest_route=\/wp\/v2\/pages\/8\/revisions\/15"}],"wp:attachment":[{"href":"https:\/\/arqueologiaoriente.com\/index.php?rest_route=%2Fwp%2Fv2%2Fmedia&parent=8"}],"curies":[{"name":"wp","href":"https:\/\/api.w.org\/{rel}","templated":true}]}}